{"id":3,"date":"2024-08-28T14:30:22","date_gmt":"2024-08-28T14:30:22","guid":{"rendered":"http:\/\/adu.domeramarketing.com\/?page_id=3"},"modified":"2024-10-01T21:25:50","modified_gmt":"2024-10-01T21:25:50","slug":"privacy-policy","status":"publish","type":"page","link":"https:\/\/adu.domeramarketing.com\/es\/privacy-policy\/","title":{"rendered":"Privacy Policy"},"content":{"rendered":"<div data-elementor-type=\"wp-page\" data-elementor-id=\"3\" class=\"elementor elementor-3\">\n\t\t\t\t<div class=\"elementor-element elementor-element-6b9f8118 e-flex e-con-boxed e-con e-parent\" data-id=\"6b9f8118\" data-element_type=\"container\">\n\t\t\t\t\t<div class=\"e-con-inner\">\n\t\t\t\t<div class=\"elementor-element elementor-element-ca43412 elementor-widget elementor-widget-text-editor\" data-id=\"ca43412\" data-element_type=\"widget\" data-widget_type=\"text-editor.default\">\n\t\t\t\t<div class=\"elementor-widget-container\">\n\t\t\t\t\t\t\t\t\t<p>POL\u00cdTICA DE PRIVACIDAD<\/p>\t\t\t\t\t\t\t\t<\/div>\n\t\t\t\t<\/div>\n\t\t\t\t<div class=\"elementor-element elementor-element-251219d7 elementor-widget elementor-widget-text-editor\" data-id=\"251219d7\" data-element_type=\"widget\" data-widget_type=\"text-editor.default\">\n\t\t\t\t<div class=\"elementor-widget-container\">\n\t\t\t\t\t\t\t\t\t<ol>\n<li><strong>Disposiciones generales<\/strong><\/li>\n<\/ol>\n<p>1.1. La presente pol\u00edtica de privacidad regula los principios de recopilaci\u00f3n, tratamiento y almacenamiento de datos personales. Los datos personales son recopilados, tratados y almacenados por el responsable NOQQ O\u00dc (en adelante, el encargado del tratamiento).<\/p>\n<p>1.2. En el contexto de esta pol\u00edtica de privacidad, un interesado es un cliente u otra persona f\u00edsica cuyos datos personales son tratados por el encargado del tratamiento.<\/p>\n<p>1.3. En el contexto de esta pol\u00edtica de privacidad, se considera cliente a cualquier persona que adquiera bienes o servicios a trav\u00e9s del sitio web del encargado del tratamiento de datos.<\/p>\n<p>1.4. El encargado del tratamiento de datos se rige por los principios de tratamiento de datos establecidos en la legislaci\u00f3n, incluido el tratamiento de datos personales de forma legal, justa y segura. El encargado del tratamiento de datos puede confirmar que los datos personales se han tratado de conformidad con la legislaci\u00f3n.<\/p>\n<p>1.5. NOQQ O\u00dc es el responsable del tratamiento de los datos personales y NOQQ O\u00dc transfiere los datos personales necesarios para realizar los pagos al procesador autorizado Montonio Finance O\u00dc.<\/p>\n<ol start=\"2\">\n<li><strong>Recopilaci\u00f3n, procesamiento y almacenamiento de datos personales<\/strong><\/li>\n<\/ol>\n<p>2.1. Los datos personales recopilados, procesados y almacenados por el encargado del tratamiento se recopilan principalmente de forma electr\u00f3nica, principalmente a trav\u00e9s del sitio web y el correo electr\u00f3nico.<\/p>\n<p>2.2. Al compartir sus datos personales, el interesado otorga al encargado del tratamiento el derecho a recopilar, organizar, utilizar y gestionar los datos personales proporcionados por el interesado directa o indirectamente durante la compra de bienes o servicios en el sitio web para los fines definidos en esta pol\u00edtica de privacidad.<\/p>\n<p>2.3. El interesado es responsable de garantizar que los datos que proporciona son exactos, correctos y completos. El suministro intencionadamente de datos falsos se considera una infracci\u00f3n de la pol\u00edtica de privacidad. El interesado est\u00e1 obligado a notificar inmediatamente al encargado del tratamiento cualquier modificaci\u00f3n de los datos facilitados.<\/p>\n<p>2.4. El encargado del tratamiento no ser\u00e1 responsable de ning\u00fan da\u00f1o causado al titular de los datos o a terceros debido a la presentaci\u00f3n de datos falsos por parte del titular de los datos.<\/p>\n<ol start=\"3\">\n<li><strong>Tratamiento de datos personales del cliente<\/strong><\/li>\n<\/ol>\n<p>3.1. El encargado del tratamiento podr\u00e1 tratar los siguientes datos personales del interesado:<\/p>\n<p>3.1.1. Nombre y apellido;<br \/>3.1.2. N\u00famero de tel\u00e9fono;<br \/>3.1.3. Direcci\u00f3n de correo electr\u00f3nico;<br \/>3.1.4. N\u00famero de cuenta bancaria;<br \/>3.1.5. Datos de la tarjeta de pago;<\/p>\n<p>3.2. Adem\u00e1s de lo anterior, el encargado del tratamiento tiene derecho a recabar datos sobre el cliente que est\u00e9n disponibles en registros p\u00fablicos.<\/p>\n<p>3.3 La base legal para el tratamiento de datos personales es el art\u00edculo 6(1)(a), (b), (c) y (f) del Reglamento General de Protecci\u00f3n de Datos (RGPD):<\/p>\n<p>a) El interesado ha dado el consentimiento para el tratamiento de sus datos personales para uno o varios fines espec\u00edficos;<br \/>b) El tratamiento de datos personales es necesario para la ejecuci\u00f3n de un contrato en el que el interesado es parte o para la aplicaci\u00f3n a petici\u00f3n de este de medidas precontractuales;<br \/>c) El tratamiento de datos personales es necesario para el cumplimiento de una obligaci\u00f3n legal a la que est\u00e1 sujeto el responsable del tratamiento;<br \/>f) El tratamiento de datos personales es necesario para el cumplimiento de intereses leg\u00edtimos perseguidos por el responsable del tratamiento o un tercero, excepto cuando sobre dichos intereses prevalezcan los intereses o los derechos y libertades fundamentales del interesado que requieran la protecci\u00f3n de datos personales, especialmente cuando el interesado sea un ni\u00f1o.<\/p>\n<p>3.4. Tratamiento de datos personales seg\u00fan la finalidad del tratamiento:<\/p>\n<p>3.4.1. Finalidad \u2013 Seguridad y protecci\u00f3n<br \/>Plazo m\u00e1ximo de conservaci\u00f3n de los datos: seg\u00fan los t\u00e9rminos previstos por la ley<\/p>\n<p>3.4.2 Finalidad \u2013 Tramitaci\u00f3n de pedidos<br \/>Per\u00edodo m\u00e1ximo de retenci\u00f3n de datos: 180 d\u00edas<\/p>\n<p>3.4.3. Finalidad \u2013 Garantizar la funcionalidad del servicio de comercio electr\u00f3nico<br \/>Per\u00edodo m\u00e1ximo de retenci\u00f3n de datos: 180 d\u00edas<\/p>\n<p>3.4.4. Finalidad \u2013 Gesti\u00f3n de clientes<br \/>Per\u00edodo m\u00e1ximo de retenci\u00f3n de datos: 180 d\u00edas<\/p>\n<p>3.4.5. Objeto \u2013 Actividad financiera, contabilidad<br \/>Plazo m\u00e1ximo de conservaci\u00f3n de los datos: seg\u00fan los t\u00e9rminos previstos por la ley<\/p>\n<p>3.4.6. Finalidad \u2013 Marketing<br \/>Per\u00edodo m\u00e1ximo de retenci\u00f3n de datos: 180 d\u00edas<\/p>\n<p>3.5. El encargado del tratamiento de datos tiene derecho a compartir los datos personales del cliente con terceros, como encargados del tratamiento de datos autorizados, contables, empresas de transporte y mensajer\u00eda y empresas que prestan servicios de transferencia de pagos. El encargado del tratamiento de datos es el responsable del tratamiento de datos personales. Para la ejecuci\u00f3n de los pagos, el encargado del tratamiento de datos transfiere los datos personales necesarios al encargado del tratamiento de datos autorizado Maksekeskus AS.<\/p>\n<p>3.6. Al procesar y almacenar los datos personales del interesado, el encargado del tratamiento aplicar\u00e1 medidas organizativas y t\u00e9cnicas que garanticen la protecci\u00f3n de los datos personales contra la destrucci\u00f3n, alteraci\u00f3n o divulgaci\u00f3n accidental o il\u00edcita, as\u00ed como contra cualquier otro procesamiento il\u00edcito.<\/p>\n<p>3.7. El encargado del tratamiento conservar\u00e1 los datos de los interesados en funci\u00f3n de la finalidad del tratamiento, pero no m\u00e1s de 2 a\u00f1os.<\/p>\n<ol start=\"4\">\n<li><strong>Derechos del Titular de los Datos<\/strong><\/li>\n<\/ol>\n<p>4.1 El interesado tiene derecho a acceder a sus datos personales y a revisarlos.<\/p>\n<p>4.2 El interesado tiene derecho a obtener informaci\u00f3n sobre el tratamiento de sus datos personales.<\/p>\n<p>4.3 El interesado tiene derecho a completar o corregir los datos inexactos.<\/p>\n<p>4.4. Si el encargado del tratamiento procesa datos personales con base en el consentimiento del interesado, este tendr\u00e1 derecho a retirar su consentimiento en cualquier momento.<\/p>\n<p>4.5. Para ejercer sus derechos, el interesado podr\u00e1 dirigirse al servicio de atenci\u00f3n al cliente de la tienda online en <a rel=\"noopener\">info@dashlockpro.com<\/a>.<\/p>\n<p>4.6. El interesado tiene derecho a presentar una reclamaci\u00f3n ante la Inspecci\u00f3n de Protecci\u00f3n de Datos para proteger sus derechos.<\/p>\n<ol start=\"5\">\n<li><strong>Disposiciones finales<\/strong><\/li>\n<\/ol>\n<p>5.1. Estos t\u00e9rminos de protecci\u00f3n de datos se redactan de conformidad con el Reglamento (UE) 2016\/679 del Parlamento Europeo y del Consejo relativo a la protecci\u00f3n de las personas f\u00edsicas en lo que respecta al tratamiento de datos personales y a la libre circulaci\u00f3n de estos datos y por el que se deroga la Directiva 95\/46\/CE (Reglamento general de protecci\u00f3n de datos), la Ley de protecci\u00f3n de datos personales de la Rep\u00fablica de Estonia y los actos jur\u00eddicos de la Rep\u00fablica de Estonia y de la Uni\u00f3n Europea.<\/p>\n<p>5.2. El encargado del tratamiento se reserva el derecho de modificar total o parcialmente las condiciones de protecci\u00f3n de datos notific\u00e1ndoselo a los interesados a trav\u00e9s del sitio web. <a href=\"http:\/\/adu.domeramarketing.com\/es\/\" target=\"_new\" rel=\"noopener\">adu.domeramarketing.com<\/a>.<\/p>\t\t\t\t\t\t\t\t<\/div>\n\t\t\t\t<\/div>\n\t\t\t\t\t<\/div>\n\t\t\t\t<\/div>\n\t\t\t\t<\/div>","protected":false},"excerpt":{"rendered":"<p>PRIVACY POLICY General Provisions 1.1. This privacy policy governs the principles of collecting, processing, and storing personal data. Personal data [&hellip;]<\/p>","protected":false},"author":1,"featured_media":0,"parent":0,"menu_order":0,"comment_status":"closed","ping_status":"open","template":"elementor_canvas","meta":{"site-sidebar-layout":"default","site-content-layout":"","ast-site-content-layout":"default","site-content-style":"default","site-sidebar-style":"default","ast-global-header-display":"","ast-banner-title-visibility":"","ast-main-header-display":"","ast-hfb-above-header-display":"","ast-hfb-below-header-display":"","ast-hfb-mobile-header-display":"","site-post-title":"","ast-breadcrumbs-content":"","ast-featured-img":"","footer-sml-layout":"","theme-transparent-header-meta":"default","adv-header-id-meta":"","stick-header-meta":"","header-above-stick-meta":"","header-main-stick-meta":"","header-below-stick-meta":"","astra-migrate-meta-layouts":"set","ast-page-background-enabled":"default","ast-page-background-meta":{"desktop":{"background-color":"var(--ast-global-color-4)","background-image":"","background-repeat":"repeat","background-position":"center center","background-size":"auto","background-attachment":"scroll","background-type":"","background-media":"","overlay-type":"","overlay-color":"","overlay-opacity":"","overlay-gradient":""},"tablet":{"background-color":"","background-image":"","background-repeat":"repeat","background-position":"center center","background-size":"auto","background-attachment":"scroll","background-type":"","background-media":"","overlay-type":"","overlay-color":"","overlay-opacity":"","overlay-gradient":""},"mobile":{"background-color":"","background-image":"","background-repeat":"repeat","background-position":"center center","background-size":"auto","background-attachment":"scroll","background-type":"","background-media":"","overlay-type":"","overlay-color":"","overlay-opacity":"","overlay-gradient":""}},"ast-content-background-meta":{"desktop":{"background-color":"var(--ast-global-color-5)","background-image":"","background-repeat":"repeat","background-position":"center center","background-size":"auto","background-attachment":"scroll","background-type":"","background-media":"","overlay-type":"","overlay-color":"","overlay-opacity":"","overlay-gradient":""},"tablet":{"background-color":"var(--ast-global-color-5)","background-image":"","background-repeat":"repeat","background-position":"center center","background-size":"auto","background-attachment":"scroll","background-type":"","background-media":"","overlay-type":"","overlay-color":"","overlay-opacity":"","overlay-gradient":""},"mobile":{"background-color":"var(--ast-global-color-5)","background-image":"","background-repeat":"repeat","background-position":"center center","background-size":"auto","background-attachment":"scroll","background-type":"","background-media":"","overlay-type":"","overlay-color":"","overlay-opacity":"","overlay-gradient":""}},"footnotes":""},"class_list":["post-3","page","type-page","status-publish","hentry"],"_links":{"self":[{"href":"https:\/\/adu.domeramarketing.com\/es\/wp-json\/wp\/v2\/pages\/3","targetHints":{"allow":["GET"]}}],"collection":[{"href":"https:\/\/adu.domeramarketing.com\/es\/wp-json\/wp\/v2\/pages"}],"about":[{"href":"https:\/\/adu.domeramarketing.com\/es\/wp-json\/wp\/v2\/types\/page"}],"author":[{"embeddable":true,"href":"https:\/\/adu.domeramarketing.com\/es\/wp-json\/wp\/v2\/users\/1"}],"replies":[{"embeddable":true,"href":"https:\/\/adu.domeramarketing.com\/es\/wp-json\/wp\/v2\/comments?post=3"}],"version-history":[{"count":5,"href":"https:\/\/adu.domeramarketing.com\/es\/wp-json\/wp\/v2\/pages\/3\/revisions"}],"predecessor-version":[{"id":707,"href":"https:\/\/adu.domeramarketing.com\/es\/wp-json\/wp\/v2\/pages\/3\/revisions\/707"}],"wp:attachment":[{"href":"https:\/\/adu.domeramarketing.com\/es\/wp-json\/wp\/v2\/media?parent=3"}],"curies":[{"name":"wp","href":"https:\/\/api.w.org\/{rel}","templated":true}]}}