{"id":667,"date":"2024-10-01T21:05:31","date_gmt":"2024-10-01T21:05:31","guid":{"rendered":"http:\/\/adu.domeramarketing.com\/?page_id=667"},"modified":"2024-10-02T06:20:51","modified_gmt":"2024-10-02T06:20:51","slug":"terms-of-service","status":"publish","type":"page","link":"https:\/\/adu.domeramarketing.com\/es\/terms-of-service\/","title":{"rendered":"Condiciones de servicio"},"content":{"rendered":"<div data-elementor-type=\"wp-page\" data-elementor-id=\"667\" class=\"elementor elementor-667\">\n\t\t\t\t<div class=\"elementor-element elementor-element-6b9f8118 e-flex e-con-boxed e-con e-parent\" data-id=\"6b9f8118\" data-element_type=\"container\">\n\t\t\t\t\t<div class=\"e-con-inner\">\n\t\t\t\t<div class=\"elementor-element elementor-element-b287e22 elementor-widget elementor-widget-text-editor\" data-id=\"b287e22\" data-element_type=\"widget\" data-widget_type=\"text-editor.default\">\n\t\t\t\t<div class=\"elementor-widget-container\">\n\t\t\t\t\t\t\t\t\t<p>CONDICIONES DEL SERVICIO<\/p>\t\t\t\t\t\t\t\t<\/div>\n\t\t\t\t<\/div>\n\t\t\t\t<div class=\"elementor-element elementor-element-251219d7 elementor-widget elementor-widget-text-editor\" data-id=\"251219d7\" data-element_type=\"widget\" data-widget_type=\"text-editor.default\">\n\t\t\t\t<div class=\"elementor-widget-container\">\n\t\t\t\t\t\t\t\t\t<ol>\n<li><strong>Disposiciones generales<\/strong><\/li>\n<\/ol>\n<p>1.1. El titular de la tienda online <a href=\"http:\/\/adu.domeramarketing.com\/es\/\" target=\"_new\" rel=\"noopener\">adu.domeramarketing.com<\/a> (en adelante, la \u201cTienda en l\u00ednea\u201d) es NOQQ O\u00dc (c\u00f3digo de registro 12932111), ubicada en Riia tn 142, 50411 Tartu, Condado de Tartu, Estonia.<\/p>\n<ol start=\"2\">\n<li><strong>Validez del contrato de compraventa, informaci\u00f3n del producto y precios<\/strong><\/li>\n<\/ol>\n<p>2.1. Estos t\u00e9rminos y condiciones se aplican a la compra de productos en la Tienda Online.<\/p>\n<p>2.2. Los precios de los productos que se venden en la Tienda Online se indican junto a los productos. Al precio de los mismos se le a\u00f1aden los gastos de env\u00edo. Todos los precios se expresan en euros (\u20ac).<\/p>\n<p>2.3. El coste del env\u00edo depende de la ubicaci\u00f3n del comprador y del m\u00e9todo de env\u00edo elegido. El coste del env\u00edo se mostrar\u00e1 al comprador durante el proceso de pedido.<\/p>\n<p>2.4. La informaci\u00f3n sobre los productos se proporciona en la Tienda Online directamente al lado de cada producto.<\/p>\n<ol start=\"3\">\n<li><strong>Realizar un pedido<\/strong><\/li>\n<\/ol>\n<p>3.1. Para realizar un pedido, el cliente deber\u00e1 a\u00f1adir los productos deseados al carrito de compra. Para finalizar el pedido, el cliente deber\u00e1 rellenar los campos obligatorios y su direcci\u00f3n de env\u00edo. A continuaci\u00f3n, se mostrar\u00e1 en pantalla el importe total del pedido, que podr\u00e1 abonarse de forma segura mediante diversos m\u00e9todos de pago, entre ellos, transferencia bancaria directa y Paypal.<\/p>\n<p><span style=\"background-color: var(--ast-global-color-5); color: var(--ast-global-color-3); font-style: inherit; font-weight: inherit; text-align: var(--text-align);\">3.2. Al pagar a trav\u00e9s de un enlace bancario, el cliente debe asegurarse de hacer clic en el bot\u00f3n \u201cRegresar al comerciante\u201d despu\u00e9s de completar el pago en la p\u00e1gina del banco.<\/span><\/p>\n<p><span style=\"font-style: inherit; font-weight: inherit; text-align: var(--text-align); background-color: var(--ast-global-color-5); color: var(--ast-global-color-3);\">3.3. El contrato de compraventa se considera efectivo desde el momento en que se recibe el importe a pagar en la cuenta de la Tienda Online.<\/span><br><\/p>\n<ol start=\"4\">\n<li><strong>Entrega<\/strong><\/li>\n<\/ol>\n<p>4.1. Las mercanc\u00edas se env\u00edan a la siguiente regi\u00f3n: Europa o el resto del mundo.<\/p>\n<p>4.2. Para la recepci\u00f3n de la mercanc\u00eda se dispone del siguiente modo de entrega: env\u00edo directo a domicilio.<\/p>\n<p>4.3 Los gastos de env\u00edo corren a cargo del comprador, y la informaci\u00f3n de coste correspondiente se muestra junto con el m\u00e9todo de env\u00edo elegido.<\/p>\n<ol start=\"5\">\n<li><strong>Derecho de desistimiento<\/strong><\/li>\n<\/ol>\n<p>5.1. Tras la recepci\u00f3n del pedido, el comprador tiene derecho a rescindir el contrato celebrado a trav\u00e9s de la Tienda Online en un plazo de 30 d\u00edas.<\/p>\n<p>5.2 El derecho de desistimiento no se aplica si el comprador es una persona jur\u00eddica.<\/p>\n<p>5.3. Para ejercer el derecho de devoluci\u00f3n en el plazo de 30 d\u00edas, los productos pedidos no deben utilizarse de ning\u00fan otro modo que el necesario para comprobar la naturaleza, las caracter\u00edsticas y el funcionamiento de los productos, tal y como se permitir\u00eda en caso de probar los productos en una tienda f\u00edsica.<\/p>\n<p>5.4. Si los bienes han sido utilizados para fines distintos a los necesarios para verificar su naturaleza, caracter\u00edsticas y funcionamiento, o si presentan signos de uso o desgaste, la Tienda Online tiene derecho a reducir el importe reembolsable de acuerdo con la disminuci\u00f3n del valor de los bienes.<\/p>\n<p>5.5. Para devolver la mercanc\u00eda, el comprador deber\u00e1 presentar una propuesta de desistimiento, y enviarla a la direcci\u00f3n de correo electr\u00f3nico <a rel=\"noopener\">info@dashlockpro.com<\/a> dentro de los 30 d\u00edas siguientes a la recepci\u00f3n de la mercanc\u00eda.<\/p>\n<p>5.6. Los costes de devoluci\u00f3n de la mercanc\u00eda corren a cargo del comprador, salvo en los casos en que el motivo de la devoluci\u00f3n sea que la mercanc\u00eda no se corresponde con lo pedido (por ejemplo, mercanc\u00eda err\u00f3nea o defectuosa).<\/p>\n<p>5.7. El comprador deber\u00e1 devolver la mercanc\u00eda en el plazo de 30 d\u00edas desde la presentaci\u00f3n de la propuesta de desistimiento o acreditar que ha entregado la mercanc\u00eda al transportista dentro de dicho plazo.<\/p>\n<p>5.8. Al recibir la mercanc\u00eda devuelta, la Tienda Online reembolsar\u00e1 al comprador inmediatamente, y a m\u00e1s tardar 30 d\u00edas despu\u00e9s de recibir la declaraci\u00f3n de desistimiento, todos los pagos recibidos del comprador en virtud del contrato.<\/p>\n<p>5.9. La Tienda Online podr\u00e1 negarse a realizar un reembolso hasta que se haya recibido el art\u00edculo devuelto o hasta que el comprador aporte prueba de haber devuelto el art\u00edculo, lo que ocurra primero.<\/p>\n<p>5.10. Si el comprador elige expl\u00edcitamente un m\u00e9todo de entrega distinto al m\u00e9todo de entrega est\u00e1ndar menos costoso ofrecido por la Tienda Online, la Tienda Online no est\u00e1 obligada a reembolsar el costo adicional que exceda el costo de entrega est\u00e1ndar.<\/p>\n<p>5.11. La Tienda Online tiene derecho a rescindir la transacci\u00f3n de venta y exigir la devoluci\u00f3n de la mercanc\u00eda al comprador si el precio de la mercanc\u00eda en la Tienda Online ha sido marcado incorrectamente debido a un error y es significativamente inferior al precio de mercado de la mercanc\u00eda.<\/p>\n<ol start=\"6\">\n<li><strong>Derecho a presentar una queja<\/strong><\/li>\n<\/ol>\n<p>6.1. La Tienda Online es responsable de los defectos o no conformidades de los productos vendidos al comprador que existan en el momento de la entrega y que se manifiesten en el plazo de 1 a\u00f1o desde la entrega de los productos al comprador. Se presume que el defecto exist\u00eda en el momento de la entrega dentro de los seis primeros meses desde la entrega de los productos al comprador. La Tienda Online es responsable de probar lo contrario.<\/p>\n<p>6.2. El comprador tiene derecho a presentar una reclamaci\u00f3n a la Tienda Online en el plazo de dos meses desde el descubrimiento de un defecto enviando un correo electr\u00f3nico a <a rel=\"noopener\">info@dashlockpro.com<\/a>.<\/p>\n<p>6.3. La Tienda Online no se hace responsable de los defectos que se produzcan despu\u00e9s de que la mercanc\u00eda haya sido entregada al comprador.<\/p>\n<p>6.4. Si los productos adquiridos en la Tienda Online presentan defectos de los que la Tienda Online es responsable, la Tienda Online reparar\u00e1 o reemplazar\u00e1 los productos defectuosos. Si los productos no pueden repararse o reemplazarse, la Tienda Online reembolsar\u00e1 al comprador todos los gastos asociados con el contrato de venta.<\/p>\n<p>6.5. La Tienda Online responder\u00e1 a la reclamaci\u00f3n del consumidor por escrito o en un formato que pueda reproducirse por escrito en el plazo de 15 d\u00edas.<\/p>\n<ol start=\"7\">\n<li><strong>Marketing directo y tratamiento de datos personales<\/strong><\/li>\n<\/ol>\n<p>7.1. La Tienda Online utiliza los datos personales facilitados por el comprador \u00fanicamente para tramitar el pedido y entregarle la mercanc\u00eda. La Tienda Online transmite los datos personales a empresas que prestan servicios de entrega para garantizar la entrega de la mercanc\u00eda.<\/p>\n<p>7.2. La Tienda Online env\u00eda boletines informativos y ofertas a la direcci\u00f3n de correo electr\u00f3nico del comprador solo si el comprador ha expresado su deseo de recibir dichas notificaciones de marketing directo ingresando su direcci\u00f3n de correo electr\u00f3nico en el sitio web y solicitando notificaciones.<\/p>\n<p>7.3. El comprador puede darse de baja de las ofertas por correo electr\u00f3nico y de los boletines informativos en cualquier momento notific\u00e1ndonoslo por correo electr\u00f3nico o siguiendo las instrucciones proporcionadas en el correo electr\u00f3nico que contiene las ofertas.<\/p>\n<ol start=\"8\">\n<li><strong>Resoluci\u00f3n de disputas<\/strong><\/li>\n<\/ol>\n<p>8.1. Si el comprador tiene alguna queja sobre la Tienda Online, deber\u00e1 enviarla a <a rel=\"noopener\">info@dashlockpro.com<\/a>.<\/p>\n<p>8.2. Si el comprador y la tienda online no pueden resolver la disputa mediante un acuerdo, el comprador podr\u00e1 remitirla al Comit\u00e9 de Disputas de Consumo de Estonia. El Comit\u00e9 de Disputas de Consumo es competente para resolver las disputas que surjan de un contrato entre el comprador y la tienda online. El comprador tambi\u00e9n podr\u00e1 recurrir a la plataforma de resoluci\u00f3n de disputas online de la Uni\u00f3n Europea.<\/p>\t\t\t\t\t\t\t\t<\/div>\n\t\t\t\t<\/div>\n\t\t\t\t\t<\/div>\n\t\t\t\t<\/div>\n\t\t\t\t<\/div>","protected":false},"excerpt":{"rendered":"<p>TERMS OF SERVICE General Provisions 1.1. The owner of the online store www.dashlockpro.com (hereinafter referred to as the &#8220;Online Store&#8221;) [&hellip;]<\/p>","protected":false},"author":2,"featured_media":0,"parent":0,"menu_order":0,"comment_status":"closed","ping_status":"open","template":"elementor_canvas","meta":{"site-sidebar-layout":"default","site-content-layout":"","ast-site-content-layout":"default","site-content-style":"default","site-sidebar-style":"default","ast-global-header-display":"","ast-banner-title-visibility":"","ast-main-header-display":"","ast-hfb-above-header-display":"","ast-hfb-below-header-display":"","ast-hfb-mobile-header-display":"","site-post-title":"","ast-breadcrumbs-content":"","ast-featured-img":"","footer-sml-layout":"","theme-transparent-header-meta":"default","adv-header-id-meta":"","stick-header-meta":"","header-above-stick-meta":"","header-main-stick-meta":"","header-below-stick-meta":"","astra-migrate-meta-layouts":"set","ast-page-background-enabled":"default","ast-page-background-meta":{"desktop":{"background-color":"var(--ast-global-color-4)","background-image":"","background-repeat":"repeat","background-position":"center center","background-size":"auto","background-attachment":"scroll","background-type":"","background-media":"","overlay-type":"","overlay-color":"","overlay-opacity":"","overlay-gradient":""},"tablet":{"background-color":"","background-image":"","background-repeat":"repeat","background-position":"center center","background-size":"auto","background-attachment":"scroll","background-type":"","background-media":"","overlay-type":"","overlay-color":"","overlay-opacity":"","overlay-gradient":""},"mobile":{"background-color":"","background-image":"","background-repeat":"repeat","background-position":"center center","background-size":"auto","background-attachment":"scroll","background-type":"","background-media":"","overlay-type":"","overlay-color":"","overlay-opacity":"","overlay-gradient":""}},"ast-content-background-meta":{"desktop":{"background-color":"var(--ast-global-color-5)","background-image":"","background-repeat":"repeat","background-position":"center center","background-size":"auto","background-attachment":"scroll","background-type":"","background-media":"","overlay-type":"","overlay-color":"","overlay-opacity":"","overlay-gradient":""},"tablet":{"background-color":"var(--ast-global-color-5)","background-image":"","background-repeat":"repeat","background-position":"center center","background-size":"auto","background-attachment":"scroll","background-type":"","background-media":"","overlay-type":"","overlay-color":"","overlay-opacity":"","overlay-gradient":""},"mobile":{"background-color":"var(--ast-global-color-5)","background-image":"","background-repeat":"repeat","background-position":"center center","background-size":"auto","background-attachment":"scroll","background-type":"","background-media":"","overlay-type":"","overlay-color":"","overlay-opacity":"","overlay-gradient":""}},"footnotes":""},"class_list":["post-667","page","type-page","status-publish","hentry"],"_links":{"self":[{"href":"https:\/\/adu.domeramarketing.com\/es\/wp-json\/wp\/v2\/pages\/667","targetHints":{"allow":["GET"]}}],"collection":[{"href":"https:\/\/adu.domeramarketing.com\/es\/wp-json\/wp\/v2\/pages"}],"about":[{"href":"https:\/\/adu.domeramarketing.com\/es\/wp-json\/wp\/v2\/types\/page"}],"author":[{"embeddable":true,"href":"https:\/\/adu.domeramarketing.com\/es\/wp-json\/wp\/v2\/users\/2"}],"replies":[{"embeddable":true,"href":"https:\/\/adu.domeramarketing.com\/es\/wp-json\/wp\/v2\/comments?post=667"}],"version-history":[{"count":5,"href":"https:\/\/adu.domeramarketing.com\/es\/wp-json\/wp\/v2\/pages\/667\/revisions"}],"predecessor-version":[{"id":722,"href":"https:\/\/adu.domeramarketing.com\/es\/wp-json\/wp\/v2\/pages\/667\/revisions\/722"}],"wp:attachment":[{"href":"https:\/\/adu.domeramarketing.com\/es\/wp-json\/wp\/v2\/media?parent=667"}],"curies":[{"name":"wp","href":"https:\/\/api.w.org\/{rel}","templated":true}]}}